{"id":7204,"date":"2022-07-11T17:44:14","date_gmt":"2022-07-11T17:44:14","guid":{"rendered":"https:\/\/ambertex.lt\/?post_type=product&#038;p=7204"},"modified":"2025-12-02T15:36:37","modified_gmt":"2025-12-02T15:36:37","slug":"cotton-rich","status":"publish","type":"product","link":"https:\/\/ambertex.lt\/index.php\/product\/cotton-rich\/","title":{"rendered":"&#8221;Cotton Rich&#8221; anklod\u0117s u\u017evalkalas"},"content":{"rendered":"\n<p>Baltas, lygus, \u0161velnus \u201eCotton Rich\u201c<br>anklod\u0117s u\u017evalkalas<br><strong>Sud\u0117tis:<\/strong><br>70 % medviln\u0117<br>30 % poliesteris<br>Med\u017eiagos tankis 130 TC<\/p>\n\n\n\n<p><strong>Pagamint<\/strong>a <strong>Egipte<\/strong><\/p>\n\n\n\n<p><\/p>\n\n\n\n<p><strong>Specialus antklod\u0117s u\u017evalkalo<br>ir paklod\u0117s \u017eenklinimas<\/strong><br>\u2022 M\u0117lyna juostel\u0117 vienguliui u\u017evalkalui ir paklodei.<br>\u2022 Raudona juostel\u0117 dviguliui u\u017evalkalui ir paklodei.<\/p>\n\n\n\n<p><\/p>\n\n\n\n<figure class=\"wp-block-image size-full is-resized\"><img decoding=\"async\" src=\"https:\/\/ambertex.lt\/wp-content\/uploads\/2022\/07\/image.png\" alt=\"\" class=\"wp-image-7206\" width=\"286\" height=\"112\" srcset=\"https:\/\/ambertex.lt\/wp-content\/uploads\/2022\/07\/image.png 286w, https:\/\/ambertex.lt\/wp-content\/uploads\/2022\/07\/image-150x59.png 150w\" sizes=\"(max-width: 286px) 100vw, 286px\" \/><\/figure>\n","protected":false},"excerpt":{"rendered":"<p>Baltas, lygus, \u0161velnus \u201eCotton Rich\u201canklod\u0117s u\u017evalkalasSud\u0117tis:70 % medviln\u011730 % poliesterisMed\u017eiagos tankis 130 TC Pagaminta Egipte Specialus antklod\u0117s u\u017evalkaloir paklod\u0117s \u017eenklinimas\u2022 M\u0117lyna juostel\u0117 vienguliui u\u017evalkalui ir paklodei.\u2022 Raudona juostel\u0117 dviguliui u\u017evalkalui ir paklodei.<\/p>\n","protected":false},"featured_media":7205,"template":"","meta":[],"product_brand":[],"product_cat":[67],"product_tag":[],"class_list":{"0":"post-7204","1":"product","2":"type-product","3":"status-publish","4":"has-post-thumbnail","6":"product_cat-antklodziu-uzvalkalai","8":"first","9":"instock","10":"sale","11":"shipping-taxable","12":"purchasable","13":"product-type-variable"},"wcpa_form_fields":null,"jetpack_sharing_enabled":true,"_links":{"self":[{"href":"https:\/\/ambertex.lt\/index.php\/wp-json\/wp\/v2\/product\/7204","targetHints":{"allow":["GET"]}}],"collection":[{"href":"https:\/\/ambertex.lt\/index.php\/wp-json\/wp\/v2\/product"}],"about":[{"href":"https:\/\/ambertex.lt\/index.php\/wp-json\/wp\/v2\/types\/product"}],"wp:featuredmedia":[{"embeddable":true,"href":"https:\/\/ambertex.lt\/index.php\/wp-json\/wp\/v2\/media\/7205"}],"wp:attachment":[{"href":"https:\/\/ambertex.lt\/index.php\/wp-json\/wp\/v2\/media?parent=7204"}],"wp:term":[{"taxonomy":"product_brand","embeddable":true,"href":"https:\/\/ambertex.lt\/index.php\/wp-json\/wp\/v2\/product_brand?post=7204"},{"taxonomy":"product_cat","embeddable":true,"href":"https:\/\/ambertex.lt\/index.php\/wp-json\/wp\/v2\/product_cat?post=7204"},{"taxonomy":"product_tag","embeddable":true,"href":"https:\/\/ambertex.lt\/index.php\/wp-json\/wp\/v2\/product_tag?post=7204"}],"curies":[{"name":"wp","href":"https:\/\/api.w.org\/{rel}","templated":true}]}}