{"id":7251,"date":"2022-07-16T09:39:38","date_gmt":"2022-07-16T09:39:38","guid":{"rendered":"https:\/\/ambertex.lt\/?post_type=product&#038;p=7251"},"modified":"2025-12-02T15:32:23","modified_gmt":"2025-12-02T15:32:23","slug":"cotton-rich-kopija","status":"publish","type":"product","link":"https:\/\/ambertex.lt\/index.php\/product\/cotton-rich-kopija\/","title":{"rendered":"Juostuotas Satinas anklod\u0117s  u\u017evalkalas"},"content":{"rendered":"\n<p>Juostuotas 2,5cm juosteli\u0173, \u0161velnus<br>antklodes u\u017evalkalas<br><strong>Sud\u0117tis:<\/strong><br>70 % \u0161ukuotin\u0117 medviln\u0117<br>30 % poliesteris.<br>Med\u017eiagos tankis 200TC<\/p>\n\n\n\n<p><strong>Pagaminta Egipte<\/strong><\/p>\n\n\n\n<p><strong>Specialus antklod\u0117s u\u017evalkalo ir paklod\u0117s \u017eenklinimas<\/strong><br>\u2022 M\u0117lyna juostel\u0117 vienguliui u\u017evalkalui ir paklodei.<br>\u2022 Raudona juostel\u0117 dviguliui u\u017evalkalui ir paklodei.<\/p>\n\n\n\n<figure class=\"wp-block-image size-full is-resized\"><img decoding=\"async\" width=\"410\" height=\"117\" src=\"https:\/\/ambertex.lt\/wp-content\/uploads\/2022\/07\/image-1.png\" alt=\"\" class=\"wp-image-7237\" style=\"width:357px;height:auto\" srcset=\"https:\/\/ambertex.lt\/wp-content\/uploads\/2022\/07\/image-1.png 410w, https:\/\/ambertex.lt\/wp-content\/uploads\/2022\/07\/image-1-300x86.png 300w, https:\/\/ambertex.lt\/wp-content\/uploads\/2022\/07\/image-1-150x43.png 150w\" sizes=\"(max-width: 410px) 100vw, 410px\" \/><\/figure>\n\n\n\n<p><\/p>\n","protected":false},"excerpt":{"rendered":"<p>Juostuotas 2,5cm juosteli\u0173, \u0161velnusantklodes u\u017evalkalasSud\u0117tis:70 % \u0161ukuotin\u0117 medviln\u011730 % poliesteris.Med\u017eiagos tankis 200TC Pagaminta Egipte Specialus antklod\u0117s u\u017evalkalo ir paklod\u0117s \u017eenklinimas\u2022 M\u0117lyna juostel\u0117 vienguliui u\u017evalkalui ir paklodei.\u2022 Raudona juostel\u0117 dviguliui u\u017evalkalui ir paklodei.<\/p>\n","protected":false},"featured_media":97,"template":"","meta":[],"product_brand":[],"product_cat":[67],"product_tag":[],"class_list":{"0":"post-7251","1":"product","2":"type-product","3":"status-publish","4":"has-post-thumbnail","6":"product_cat-antklodziu-uzvalkalai","8":"first","9":"instock","10":"sale","11":"shipping-taxable","12":"purchasable","13":"product-type-variable"},"wcpa_form_fields":null,"jetpack_sharing_enabled":true,"_links":{"self":[{"href":"https:\/\/ambertex.lt\/index.php\/wp-json\/wp\/v2\/product\/7251","targetHints":{"allow":["GET"]}}],"collection":[{"href":"https:\/\/ambertex.lt\/index.php\/wp-json\/wp\/v2\/product"}],"about":[{"href":"https:\/\/ambertex.lt\/index.php\/wp-json\/wp\/v2\/types\/product"}],"wp:featuredmedia":[{"embeddable":true,"href":"https:\/\/ambertex.lt\/index.php\/wp-json\/wp\/v2\/media\/97"}],"wp:attachment":[{"href":"https:\/\/ambertex.lt\/index.php\/wp-json\/wp\/v2\/media?parent=7251"}],"wp:term":[{"taxonomy":"product_brand","embeddable":true,"href":"https:\/\/ambertex.lt\/index.php\/wp-json\/wp\/v2\/product_brand?post=7251"},{"taxonomy":"product_cat","embeddable":true,"href":"https:\/\/ambertex.lt\/index.php\/wp-json\/wp\/v2\/product_cat?post=7251"},{"taxonomy":"product_tag","embeddable":true,"href":"https:\/\/ambertex.lt\/index.php\/wp-json\/wp\/v2\/product_tag?post=7251"}],"curies":[{"name":"wp","href":"https:\/\/api.w.org\/{rel}","templated":true}]}}