{"id":7312,"date":"2022-07-20T13:06:42","date_gmt":"2022-07-20T13:06:42","guid":{"rendered":"https:\/\/ambertex.lt\/?post_type=product&#038;p=7312"},"modified":"2022-09-12T17:35:50","modified_gmt":"2022-09-12T17:35:50","slug":"languotas-tenessy-anklodes-uzvalkalas","status":"publish","type":"product","link":"https:\/\/ambertex.lt\/index.php\/product\/languotas-tenessy-anklodes-uzvalkalas\/","title":{"rendered":"Languotas Tenessy pagalv\u0117s  u\u017evalkalas"},"content":{"rendered":"\n<p>Languotas, \u0161velnus pagalv\u0117s u\u017evalkalas 56x89cm<br><strong>Sud\u0117tis:<\/strong><br>80 % medviln\u0117<br>20 % poliesteris<br>Med\u017eiagos tankis 280 TC<br><strong>Pagaminta Egipte<\/strong><\/p>\n\n\n\n<p><\/p>\n\n\n\n<figure class=\"wp-block-image size-full\"><img decoding=\"async\" width=\"400\" height=\"118\" src=\"https:\/\/ambertex.lt\/wp-content\/uploads\/2022\/07\/image-2.png\" alt=\"\" class=\"wp-image-7316\" srcset=\"https:\/\/ambertex.lt\/wp-content\/uploads\/2022\/07\/image-2.png 400w, https:\/\/ambertex.lt\/wp-content\/uploads\/2022\/07\/image-2-300x89.png 300w, https:\/\/ambertex.lt\/wp-content\/uploads\/2022\/07\/image-2-150x44.png 150w\" sizes=\"(max-width: 400px) 100vw, 400px\" \/><\/figure>\n\n\n\n<p><\/p>\n","protected":false},"excerpt":{"rendered":"<p>Languotas, \u0161velnus pagalv\u0117s u\u017evalkalas 56x89cmSud\u0117tis:80 % medviln\u011720 % poliesterisMed\u017eiagos tankis 280 TCPagaminta Egipte<\/p>\n","protected":false},"featured_media":111,"template":"","meta":[],"product_brand":[],"product_cat":[56],"product_tag":[],"class_list":{"0":"post-7312","1":"product","2":"type-product","3":"status-publish","4":"has-post-thumbnail","6":"product_cat-pagalves","8":"first","9":"outofstock","10":"shipping-taxable","11":"product-type-simple"},"wcpa_form_fields":null,"jetpack_sharing_enabled":true,"_links":{"self":[{"href":"https:\/\/ambertex.lt\/index.php\/wp-json\/wp\/v2\/product\/7312","targetHints":{"allow":["GET"]}}],"collection":[{"href":"https:\/\/ambertex.lt\/index.php\/wp-json\/wp\/v2\/product"}],"about":[{"href":"https:\/\/ambertex.lt\/index.php\/wp-json\/wp\/v2\/types\/product"}],"wp:featuredmedia":[{"embeddable":true,"href":"https:\/\/ambertex.lt\/index.php\/wp-json\/wp\/v2\/media\/111"}],"wp:attachment":[{"href":"https:\/\/ambertex.lt\/index.php\/wp-json\/wp\/v2\/media?parent=7312"}],"wp:term":[{"taxonomy":"product_brand","embeddable":true,"href":"https:\/\/ambertex.lt\/index.php\/wp-json\/wp\/v2\/product_brand?post=7312"},{"taxonomy":"product_cat","embeddable":true,"href":"https:\/\/ambertex.lt\/index.php\/wp-json\/wp\/v2\/product_cat?post=7312"},{"taxonomy":"product_tag","embeddable":true,"href":"https:\/\/ambertex.lt\/index.php\/wp-json\/wp\/v2\/product_tag?post=7312"}],"curies":[{"name":"wp","href":"https:\/\/api.w.org\/{rel}","templated":true}]}}