{"id":7329,"date":"2022-07-20T13:51:28","date_gmt":"2022-07-20T13:51:28","guid":{"rendered":"https:\/\/ambertex.lt\/?post_type=product&#038;p=7329"},"modified":"2025-12-02T15:18:57","modified_gmt":"2025-12-02T15:18:57","slug":"neperslampama-paklode-su-guma","status":"publish","type":"product","link":"https:\/\/ambertex.lt\/index.php\/product\/neperslampama-paklode-su-guma\/","title":{"rendered":"Neper\u0161lampama paklod\u0117 su guma"},"content":{"rendered":"\n<p>Neper\u0161lampama paklod\u0117 su guma apsaugo \u010diu\u017ein\u012f nuo skys\u010di\u0173,<br>\u0161lapimo. Pagaminta i\u0161 specialiai gydymo \u012fstaigoms sukurto<br>apsauginio audinio, kuris nepraleid\u017eia skys\u010di\u0173, yra pralaidus orui,<br>lengvai valomas ir skalbiamas iki 95 \u00b0<\/p>\n\n\n\n<p><strong>Sud\u0117tis:<\/strong><br>80% medviln\u0117<br>20% poliesteris<\/p>\n\n\n\n<figure class=\"wp-block-image size-full\"><img fetchpriority=\"high\" decoding=\"async\" width=\"407\" height=\"129\" src=\"https:\/\/ambertex.lt\/wp-content\/uploads\/2022\/07\/image-7.png\" alt=\"\" class=\"wp-image-7330\" srcset=\"https:\/\/ambertex.lt\/wp-content\/uploads\/2022\/07\/image-7.png 407w, https:\/\/ambertex.lt\/wp-content\/uploads\/2022\/07\/image-7-300x95.png 300w, https:\/\/ambertex.lt\/wp-content\/uploads\/2022\/07\/image-7-150x48.png 150w\" sizes=\"(max-width: 407px) 100vw, 407px\" \/><\/figure>\n\n\n\n<p><\/p>\n","protected":false},"excerpt":{"rendered":"<p>Neper\u0161lampama paklod\u0117 su guma apsaugo \u010diu\u017ein\u012f nuo skys\u010di\u0173,\u0161lapimo. Pagaminta i\u0161 specialiai gydymo \u012fstaigoms sukurtoapsauginio audinio, kuris nepraleid\u017eia skys\u010di\u0173, yra pralaidus orui,lengvai valomas ir skalbiamas iki 95 \u00b0 Sud\u0117tis:80% medviln\u011720% poliesteris<\/p>\n","protected":false},"featured_media":7337,"template":"","meta":[],"product_brand":[],"product_cat":[68],"product_tag":[],"class_list":{"0":"post-7329","1":"product","2":"type-product","3":"status-publish","4":"has-post-thumbnail","6":"product_cat-paklodes","8":"first","9":"instock","10":"sale","11":"shipping-taxable","12":"purchasable","13":"product-type-variable"},"wcpa_form_fields":null,"jetpack_sharing_enabled":true,"_links":{"self":[{"href":"https:\/\/ambertex.lt\/index.php\/wp-json\/wp\/v2\/product\/7329","targetHints":{"allow":["GET"]}}],"collection":[{"href":"https:\/\/ambertex.lt\/index.php\/wp-json\/wp\/v2\/product"}],"about":[{"href":"https:\/\/ambertex.lt\/index.php\/wp-json\/wp\/v2\/types\/product"}],"wp:featuredmedia":[{"embeddable":true,"href":"https:\/\/ambertex.lt\/index.php\/wp-json\/wp\/v2\/media\/7337"}],"wp:attachment":[{"href":"https:\/\/ambertex.lt\/index.php\/wp-json\/wp\/v2\/media?parent=7329"}],"wp:term":[{"taxonomy":"product_brand","embeddable":true,"href":"https:\/\/ambertex.lt\/index.php\/wp-json\/wp\/v2\/product_brand?post=7329"},{"taxonomy":"product_cat","embeddable":true,"href":"https:\/\/ambertex.lt\/index.php\/wp-json\/wp\/v2\/product_cat?post=7329"},{"taxonomy":"product_tag","embeddable":true,"href":"https:\/\/ambertex.lt\/index.php\/wp-json\/wp\/v2\/product_tag?post=7329"}],"curies":[{"name":"wp","href":"https:\/\/api.w.org\/{rel}","templated":true}]}}