{"id":7346,"date":"2022-07-21T13:10:24","date_gmt":"2022-07-21T13:10:24","guid":{"rendered":"https:\/\/ambertex.lt\/?post_type=product&#038;p=7346"},"modified":"2022-09-12T17:34:44","modified_gmt":"2022-09-12T17:34:44","slug":"100-medvilnes-perkelio-paklode-hawaii","status":"publish","type":"product","link":"https:\/\/ambertex.lt\/index.php\/product\/100-medvilnes-perkelio-paklode-hawaii\/","title":{"rendered":"100 % medviln\u0117s perkelio paklod\u0117 &#8221;Hawaii&#8221;"},"content":{"rendered":"\n<p>Balta \u0161velni paklode<br><strong>Sud\u0117tis:<\/strong><br>100 % medviln\u0117 perkelio<br>Med\u017eiagos tankis 200 TC<br><\/p>\n\n\n\n<p><strong>Pagaminta Egipte<\/strong><\/p>\n\n\n\n<p><strong>Specialus antklod\u0117s u\u017evalkalo ir paklod\u0117s \u017eenklinimas<\/strong><br>\u2022 M\u0117lyna juostel\u0117 vienguliui u\u017evalkalui ir paklodei.<br>\u2022 Raudona juostel\u0117 dviguliui u\u017evalkalui ir paklodei<\/p>\n\n\n\n<figure class=\"wp-block-image size-full\"><img fetchpriority=\"high\" decoding=\"async\" width=\"408\" height=\"164\" src=\"https:\/\/ambertex.lt\/wp-content\/uploads\/2022\/07\/image-4.png\" alt=\"\" class=\"wp-image-7322\" srcset=\"https:\/\/ambertex.lt\/wp-content\/uploads\/2022\/07\/image-4.png 408w, https:\/\/ambertex.lt\/wp-content\/uploads\/2022\/07\/image-4-300x121.png 300w, https:\/\/ambertex.lt\/wp-content\/uploads\/2022\/07\/image-4-150x60.png 150w\" sizes=\"(max-width: 408px) 100vw, 408px\" \/><\/figure>\n\n\n\n<p><\/p>\n","protected":false},"excerpt":{"rendered":"<p>Balta \u0161velni paklodeSud\u0117tis:100 % medviln\u0117 perkelioMed\u017eiagos tankis 200 TC Pagaminta Egipte Specialus antklod\u0117s u\u017evalkalo ir paklod\u0117s \u017eenklinimas\u2022 M\u0117lyna juostel\u0117 vienguliui u\u017evalkalui ir paklodei.\u2022 Raudona juostel\u0117 dviguliui u\u017evalkalui ir paklodei<\/p>\n","protected":false},"featured_media":7351,"template":"","meta":[],"product_brand":[],"product_cat":[68],"product_tag":[],"class_list":{"0":"post-7346","1":"product","2":"type-product","3":"status-publish","4":"has-post-thumbnail","6":"product_cat-paklodes","8":"first","9":"outofstock","10":"shipping-taxable","11":"product-type-variable"},"wcpa_form_fields":null,"jetpack_sharing_enabled":true,"_links":{"self":[{"href":"https:\/\/ambertex.lt\/index.php\/wp-json\/wp\/v2\/product\/7346","targetHints":{"allow":["GET"]}}],"collection":[{"href":"https:\/\/ambertex.lt\/index.php\/wp-json\/wp\/v2\/product"}],"about":[{"href":"https:\/\/ambertex.lt\/index.php\/wp-json\/wp\/v2\/types\/product"}],"wp:featuredmedia":[{"embeddable":true,"href":"https:\/\/ambertex.lt\/index.php\/wp-json\/wp\/v2\/media\/7351"}],"wp:attachment":[{"href":"https:\/\/ambertex.lt\/index.php\/wp-json\/wp\/v2\/media?parent=7346"}],"wp:term":[{"taxonomy":"product_brand","embeddable":true,"href":"https:\/\/ambertex.lt\/index.php\/wp-json\/wp\/v2\/product_brand?post=7346"},{"taxonomy":"product_cat","embeddable":true,"href":"https:\/\/ambertex.lt\/index.php\/wp-json\/wp\/v2\/product_cat?post=7346"},{"taxonomy":"product_tag","embeddable":true,"href":"https:\/\/ambertex.lt\/index.php\/wp-json\/wp\/v2\/product_tag?post=7346"}],"curies":[{"name":"wp","href":"https:\/\/api.w.org\/{rel}","templated":true}]}}