{"id":7358,"date":"2022-07-23T10:56:16","date_gmt":"2022-07-23T10:56:16","guid":{"rendered":"https:\/\/ambertex.lt\/?post_type=product&#038;p=7358"},"modified":"2024-01-06T11:00:50","modified_gmt":"2024-01-06T11:00:50","slug":"cotton-rich-pagalves-uzvalkalas","status":"publish","type":"product","link":"https:\/\/ambertex.lt\/index.php\/product\/cotton-rich-pagalves-uzvalkalas\/","title":{"rendered":"&#8221;Cotton Rich&#8221; pagalv\u0117s  u\u017evalkalas"},"content":{"rendered":"\n<p>Baltas, lygus, \u0161velnus \u201eCotton Rich\u201c<br>papagalv\u0117s  u\u017evalkalas <strong>Dydis: 56*89cm&nbsp;<\/strong><\/p>\n\n\n\n<p>Tinka pagalv\u0117ms&nbsp;50*60 cm, 50*70 cm<\/p>\n\n\n\n<p>Mai\u0161o tipo&nbsp;modelis<br><strong>Sud\u0117tis:<\/strong><br>70 % medviln\u0117<br>30 % poliesteris<br>Med\u017eiagos tankis 130 TC<\/p>\n\n\n\n<p><strong>Pagamint<\/strong>a <strong>Egipte<\/strong><\/p>\n\n\n\n<p><\/p>\n\n\n\n<p><\/p>\n\n\n\n<figure class=\"wp-block-image size-full is-resized\"><img decoding=\"async\" src=\"https:\/\/ambertex.lt\/wp-content\/uploads\/2022\/07\/image.png\" alt=\"\" class=\"wp-image-7206\" width=\"286\" height=\"112\" srcset=\"https:\/\/ambertex.lt\/wp-content\/uploads\/2022\/07\/image.png 286w, https:\/\/ambertex.lt\/wp-content\/uploads\/2022\/07\/image-150x59.png 150w\" sizes=\"(max-width: 286px) 100vw, 286px\" \/><\/figure>\n","protected":false},"excerpt":{"rendered":"<p>Baltas, lygus, \u0161velnus \u201eCotton Rich\u201cpapagalv\u0117s u\u017evalkalas Dydis: 56*89cm&nbsp; Tinka pagalv\u0117ms&nbsp;50*60 cm, 50*70 cm Mai\u0161o tipo&nbsp;modelisSud\u0117tis:70 % medviln\u011730 % poliesterisMed\u017eiagos tankis 130 TC Pagaminta Egipte<\/p>\n","protected":false},"featured_media":7365,"template":"","meta":[],"product_brand":[],"product_cat":[56],"product_tag":[],"class_list":{"0":"post-7358","1":"product","2":"type-product","3":"status-publish","4":"has-post-thumbnail","6":"product_cat-pagalves","8":"first","9":"instock","10":"shipping-taxable","11":"purchasable","12":"product-type-variable"},"wcpa_form_fields":null,"jetpack_sharing_enabled":true,"_links":{"self":[{"href":"https:\/\/ambertex.lt\/index.php\/wp-json\/wp\/v2\/product\/7358","targetHints":{"allow":["GET"]}}],"collection":[{"href":"https:\/\/ambertex.lt\/index.php\/wp-json\/wp\/v2\/product"}],"about":[{"href":"https:\/\/ambertex.lt\/index.php\/wp-json\/wp\/v2\/types\/product"}],"wp:featuredmedia":[{"embeddable":true,"href":"https:\/\/ambertex.lt\/index.php\/wp-json\/wp\/v2\/media\/7365"}],"wp:attachment":[{"href":"https:\/\/ambertex.lt\/index.php\/wp-json\/wp\/v2\/media?parent=7358"}],"wp:term":[{"taxonomy":"product_brand","embeddable":true,"href":"https:\/\/ambertex.lt\/index.php\/wp-json\/wp\/v2\/product_brand?post=7358"},{"taxonomy":"product_cat","embeddable":true,"href":"https:\/\/ambertex.lt\/index.php\/wp-json\/wp\/v2\/product_cat?post=7358"},{"taxonomy":"product_tag","embeddable":true,"href":"https:\/\/ambertex.lt\/index.php\/wp-json\/wp\/v2\/product_tag?post=7358"}],"curies":[{"name":"wp","href":"https:\/\/api.w.org\/{rel}","templated":true}]}}