{"id":7367,"date":"2022-07-23T13:52:30","date_gmt":"2022-07-23T13:52:30","guid":{"rendered":"https:\/\/ambertex.lt\/?post_type=product&#038;p=7367"},"modified":"2024-01-06T10:50:40","modified_gmt":"2024-01-06T10:50:40","slug":"juostuotas-satinas-pagalves-uzvalkalas","status":"publish","type":"product","link":"https:\/\/ambertex.lt\/index.php\/product\/juostuotas-satinas-pagalves-uzvalkalas\/","title":{"rendered":"Juostuoto Satino pagalv\u0117s  u\u017evalkalas"},"content":{"rendered":"\n<p>Juostuotas 2,5cm juosteli\u0173 pagalv\u0117s  u\u017evalkalas 56x88cm<br><strong>Sud\u0117tis:<\/strong><br>70 % \u0161ukuotin\u0117 medviln\u0117<br>30 % poliesteris.<br>Med\u017eiagos tankis 200 TC<\/p>\n\n\n\n<p>Tinka pagalv\u0117ms 50*70 cm<\/p>\n\n\n\n<p><strong>Pagaminta Egipte<\/strong><\/p>\n\n\n\n<p><\/p>\n\n\n\n<figure class=\"wp-block-image size-full\"><img decoding=\"async\" width=\"410\" height=\"117\" src=\"https:\/\/ambertex.lt\/wp-content\/uploads\/2022\/07\/image-1.png\" alt=\"\" class=\"wp-image-7237\" srcset=\"https:\/\/ambertex.lt\/wp-content\/uploads\/2022\/07\/image-1.png 410w, https:\/\/ambertex.lt\/wp-content\/uploads\/2022\/07\/image-1-300x86.png 300w, https:\/\/ambertex.lt\/wp-content\/uploads\/2022\/07\/image-1-150x43.png 150w\" sizes=\"(max-width: 410px) 100vw, 410px\" \/><\/figure>\n\n\n\n<p><\/p>\n","protected":false},"excerpt":{"rendered":"<p>Juostuotas 2,5cm juosteli\u0173 pagalv\u0117s u\u017evalkalas 56x88cmSud\u0117tis:70 % \u0161ukuotin\u0117 medviln\u011730 % poliesteris.Med\u017eiagos tankis 200 TC Tinka pagalv\u0117ms 50*70 cm Pagaminta Egipte<\/p>\n","protected":false},"featured_media":7370,"template":"","meta":[],"product_brand":[],"product_cat":[56],"product_tag":[],"class_list":{"0":"post-7367","1":"product","2":"type-product","3":"status-publish","4":"has-post-thumbnail","6":"product_cat-pagalves","8":"first","9":"instock","10":"shipping-taxable","11":"purchasable","12":"product-type-variable"},"wcpa_form_fields":null,"jetpack_sharing_enabled":true,"_links":{"self":[{"href":"https:\/\/ambertex.lt\/index.php\/wp-json\/wp\/v2\/product\/7367","targetHints":{"allow":["GET"]}}],"collection":[{"href":"https:\/\/ambertex.lt\/index.php\/wp-json\/wp\/v2\/product"}],"about":[{"href":"https:\/\/ambertex.lt\/index.php\/wp-json\/wp\/v2\/types\/product"}],"wp:featuredmedia":[{"embeddable":true,"href":"https:\/\/ambertex.lt\/index.php\/wp-json\/wp\/v2\/media\/7370"}],"wp:attachment":[{"href":"https:\/\/ambertex.lt\/index.php\/wp-json\/wp\/v2\/media?parent=7367"}],"wp:term":[{"taxonomy":"product_brand","embeddable":true,"href":"https:\/\/ambertex.lt\/index.php\/wp-json\/wp\/v2\/product_brand?post=7367"},{"taxonomy":"product_cat","embeddable":true,"href":"https:\/\/ambertex.lt\/index.php\/wp-json\/wp\/v2\/product_cat?post=7367"},{"taxonomy":"product_tag","embeddable":true,"href":"https:\/\/ambertex.lt\/index.php\/wp-json\/wp\/v2\/product_tag?post=7367"}],"curies":[{"name":"wp","href":"https:\/\/api.w.org\/{rel}","templated":true}]}}