{"id":7372,"date":"2022-07-23T14:03:10","date_gmt":"2022-07-23T14:03:10","guid":{"rendered":"https:\/\/ambertex.lt\/?post_type=product&#038;p=7372"},"modified":"2022-09-12T17:31:59","modified_gmt":"2022-09-12T17:31:59","slug":"languotas-tennessy-antklodes-uzvalkalas","status":"publish","type":"product","link":"https:\/\/ambertex.lt\/index.php\/product\/languotas-tennessy-antklodes-uzvalkalas\/","title":{"rendered":"Languotas Tennessy antklodes u\u017evalkalas"},"content":{"rendered":"\n<p>Languotas Tennessy, \u0161velnus<br>antklodes u\u017evalkalas<br><strong>Sud\u0117tis:<\/strong><br>70 % \u0161ukuotin\u0117 medviln\u0117<br>30 % poliesteris.<br>Med\u017eiagos tankis 280TC<\/p>\n\n\n\n<p><strong>Pagaminta Egipte<\/strong><\/p>\n\n\n\n<p><strong>Specialus antklod\u0117s u\u017evalkalo ir paklod\u0117s \u017eenklinimas<\/strong><br>\u2022 M\u0117lyna juostel\u0117 vienguliui u\u017evalkalui ir paklodei.<br>\u2022 Raudona juostel\u0117 dviguliui u\u017evalkalui ir paklodei.<\/p>\n\n\n\n<figure class=\"wp-block-image size-full\"><img decoding=\"async\" width=\"400\" height=\"118\" src=\"https:\/\/ambertex.lt\/wp-content\/uploads\/2022\/07\/image-2.png\" alt=\"\" class=\"wp-image-7316\" srcset=\"https:\/\/ambertex.lt\/wp-content\/uploads\/2022\/07\/image-2.png 400w, https:\/\/ambertex.lt\/wp-content\/uploads\/2022\/07\/image-2-300x89.png 300w, https:\/\/ambertex.lt\/wp-content\/uploads\/2022\/07\/image-2-150x44.png 150w\" sizes=\"(max-width: 400px) 100vw, 400px\" \/><\/figure>\n\n\n\n<p><\/p>\n","protected":false},"excerpt":{"rendered":"<p>Languotas Tennessy, \u0161velnusantklodes u\u017evalkalasSud\u0117tis:70 % \u0161ukuotin\u0117 medviln\u011730 % poliesteris.Med\u017eiagos tankis 280TC Pagaminta Egipte Specialus antklod\u0117s u\u017evalkalo ir paklod\u0117s \u017eenklinimas\u2022 M\u0117lyna juostel\u0117 vienguliui u\u017evalkalui ir paklodei.\u2022 Raudona juostel\u0117 dviguliui u\u017evalkalui ir paklodei.<\/p>\n","protected":false},"featured_media":111,"template":"","meta":[],"product_brand":[],"product_cat":[67],"product_tag":[],"class_list":{"0":"post-7372","1":"product","2":"type-product","3":"status-publish","4":"has-post-thumbnail","6":"product_cat-antklodziu-uzvalkalai","8":"first","9":"outofstock","10":"shipping-taxable","11":"purchasable","12":"product-type-variable"},"wcpa_form_fields":null,"jetpack_sharing_enabled":true,"_links":{"self":[{"href":"https:\/\/ambertex.lt\/index.php\/wp-json\/wp\/v2\/product\/7372","targetHints":{"allow":["GET"]}}],"collection":[{"href":"https:\/\/ambertex.lt\/index.php\/wp-json\/wp\/v2\/product"}],"about":[{"href":"https:\/\/ambertex.lt\/index.php\/wp-json\/wp\/v2\/types\/product"}],"wp:featuredmedia":[{"embeddable":true,"href":"https:\/\/ambertex.lt\/index.php\/wp-json\/wp\/v2\/media\/111"}],"wp:attachment":[{"href":"https:\/\/ambertex.lt\/index.php\/wp-json\/wp\/v2\/media?parent=7372"}],"wp:term":[{"taxonomy":"product_brand","embeddable":true,"href":"https:\/\/ambertex.lt\/index.php\/wp-json\/wp\/v2\/product_brand?post=7372"},{"taxonomy":"product_cat","embeddable":true,"href":"https:\/\/ambertex.lt\/index.php\/wp-json\/wp\/v2\/product_cat?post=7372"},{"taxonomy":"product_tag","embeddable":true,"href":"https:\/\/ambertex.lt\/index.php\/wp-json\/wp\/v2\/product_tag?post=7372"}],"curies":[{"name":"wp","href":"https:\/\/api.w.org\/{rel}","templated":true}]}}