{"id":7376,"date":"2022-07-23T14:14:11","date_gmt":"2022-07-23T14:14:11","guid":{"rendered":"https:\/\/ambertex.lt\/?post_type=product&#038;p=7376"},"modified":"2022-09-12T17:31:15","modified_gmt":"2022-09-12T17:31:15","slug":"hawaii-pagalves-uzvalkalas","status":"publish","type":"product","link":"https:\/\/ambertex.lt\/index.php\/product\/hawaii-pagalves-uzvalkalas\/","title":{"rendered":"Hawaii pagalv\u0117s u\u017evalkalas"},"content":{"rendered":"\n<p>Baltas \u0161velnus pagalv\u0117s u\u017evalkalas<br><strong>Sud\u0117tis:<\/strong><br>100 % medviln\u0117 perkelio<br>Med\u017eiagos tankis 200 TC<br><\/p>\n\n\n\n<p><strong>Pagaminta Egipte<\/strong><\/p>\n\n\n\n<p><\/p>\n\n\n\n<figure class=\"wp-block-image size-full\"><img fetchpriority=\"high\" decoding=\"async\" width=\"408\" height=\"164\" src=\"https:\/\/ambertex.lt\/wp-content\/uploads\/2022\/07\/image-4.png\" alt=\"\" class=\"wp-image-7322\" srcset=\"https:\/\/ambertex.lt\/wp-content\/uploads\/2022\/07\/image-4.png 408w, https:\/\/ambertex.lt\/wp-content\/uploads\/2022\/07\/image-4-300x121.png 300w, https:\/\/ambertex.lt\/wp-content\/uploads\/2022\/07\/image-4-150x60.png 150w\" sizes=\"(max-width: 408px) 100vw, 408px\" \/><\/figure>\n\n\n\n<p><\/p>\n","protected":false},"excerpt":{"rendered":"<p>Baltas \u0161velnus pagalv\u0117s u\u017evalkalasSud\u0117tis:100 % medviln\u0117 perkelioMed\u017eiagos tankis 200 TC Pagaminta Egipte<\/p>\n","protected":false},"featured_media":7379,"template":"","meta":[],"product_brand":[],"product_cat":[56],"product_tag":[],"class_list":{"0":"post-7376","1":"product","2":"type-product","3":"status-publish","4":"has-post-thumbnail","6":"product_cat-pagalves","8":"first","9":"outofstock","10":"shipping-taxable","11":"product-type-simple"},"wcpa_form_fields":null,"jetpack_sharing_enabled":true,"_links":{"self":[{"href":"https:\/\/ambertex.lt\/index.php\/wp-json\/wp\/v2\/product\/7376","targetHints":{"allow":["GET"]}}],"collection":[{"href":"https:\/\/ambertex.lt\/index.php\/wp-json\/wp\/v2\/product"}],"about":[{"href":"https:\/\/ambertex.lt\/index.php\/wp-json\/wp\/v2\/types\/product"}],"wp:featuredmedia":[{"embeddable":true,"href":"https:\/\/ambertex.lt\/index.php\/wp-json\/wp\/v2\/media\/7379"}],"wp:attachment":[{"href":"https:\/\/ambertex.lt\/index.php\/wp-json\/wp\/v2\/media?parent=7376"}],"wp:term":[{"taxonomy":"product_brand","embeddable":true,"href":"https:\/\/ambertex.lt\/index.php\/wp-json\/wp\/v2\/product_brand?post=7376"},{"taxonomy":"product_cat","embeddable":true,"href":"https:\/\/ambertex.lt\/index.php\/wp-json\/wp\/v2\/product_cat?post=7376"},{"taxonomy":"product_tag","embeddable":true,"href":"https:\/\/ambertex.lt\/index.php\/wp-json\/wp\/v2\/product_tag?post=7376"}],"curies":[{"name":"wp","href":"https:\/\/api.w.org\/{rel}","templated":true}]}}