{"id":7380,"date":"2022-07-23T14:17:30","date_gmt":"2022-07-23T14:17:30","guid":{"rendered":"https:\/\/ambertex.lt\/?post_type=product&#038;p=7380"},"modified":"2022-09-12T17:30:53","modified_gmt":"2022-09-12T17:30:53","slug":"indiana-pagalves-uzvalkalas","status":"publish","type":"product","link":"https:\/\/ambertex.lt\/index.php\/product\/indiana-pagalves-uzvalkalas\/","title":{"rendered":"Indiana pagalv\u0117s u\u017evalkalas"},"content":{"rendered":"\n<p>Baltas \u0161velnus pagalv\u0117s u\u017evalkalas 56x88cm <br><strong>Sud\u0117tis:<\/strong><br>100 % medviln\u0117 perkelio<br>Med\u017eiagos tankis 300 TC<br><\/p>\n\n\n\n<p><strong>Pagaminta Egipte<\/strong><\/p>\n\n\n\n<p><\/p>\n\n\n\n<figure class=\"wp-block-image size-full\"><img fetchpriority=\"high\" decoding=\"async\" width=\"410\" height=\"165\" src=\"https:\/\/ambertex.lt\/wp-content\/uploads\/2022\/07\/image-6.png\" alt=\"\" class=\"wp-image-7328\" srcset=\"https:\/\/ambertex.lt\/wp-content\/uploads\/2022\/07\/image-6.png 410w, https:\/\/ambertex.lt\/wp-content\/uploads\/2022\/07\/image-6-300x121.png 300w, https:\/\/ambertex.lt\/wp-content\/uploads\/2022\/07\/image-6-150x60.png 150w\" sizes=\"(max-width: 410px) 100vw, 410px\" \/><\/figure>\n\n\n\n<p><\/p>\n","protected":false},"excerpt":{"rendered":"<p>Baltas \u0161velnus pagalv\u0117s u\u017evalkalas 56x88cm Sud\u0117tis:100 % medviln\u0117 perkelioMed\u017eiagos tankis 300 TC Pagaminta Egipte<\/p>\n","protected":false},"featured_media":76,"template":"","meta":[],"product_brand":[],"product_cat":[56],"product_tag":[],"class_list":{"0":"post-7380","1":"product","2":"type-product","3":"status-publish","4":"has-post-thumbnail","6":"product_cat-pagalves","8":"first","9":"outofstock","10":"shipping-taxable","11":"product-type-simple"},"wcpa_form_fields":null,"jetpack_sharing_enabled":true,"_links":{"self":[{"href":"https:\/\/ambertex.lt\/index.php\/wp-json\/wp\/v2\/product\/7380","targetHints":{"allow":["GET"]}}],"collection":[{"href":"https:\/\/ambertex.lt\/index.php\/wp-json\/wp\/v2\/product"}],"about":[{"href":"https:\/\/ambertex.lt\/index.php\/wp-json\/wp\/v2\/types\/product"}],"wp:featuredmedia":[{"embeddable":true,"href":"https:\/\/ambertex.lt\/index.php\/wp-json\/wp\/v2\/media\/76"}],"wp:attachment":[{"href":"https:\/\/ambertex.lt\/index.php\/wp-json\/wp\/v2\/media?parent=7380"}],"wp:term":[{"taxonomy":"product_brand","embeddable":true,"href":"https:\/\/ambertex.lt\/index.php\/wp-json\/wp\/v2\/product_brand?post=7380"},{"taxonomy":"product_cat","embeddable":true,"href":"https:\/\/ambertex.lt\/index.php\/wp-json\/wp\/v2\/product_cat?post=7380"},{"taxonomy":"product_tag","embeddable":true,"href":"https:\/\/ambertex.lt\/index.php\/wp-json\/wp\/v2\/product_tag?post=7380"}],"curies":[{"name":"wp","href":"https:\/\/api.w.org\/{rel}","templated":true}]}}