{"id":7395,"date":"2022-07-26T10:44:07","date_gmt":"2022-07-26T10:44:07","guid":{"rendered":"https:\/\/ambertex.lt\/?post_type=product&#038;p=7395"},"modified":"2023-08-01T18:38:41","modified_gmt":"2023-08-01T18:38:41","slug":"antklode-seersucker","status":"publish","type":"product","link":"https:\/\/ambertex.lt\/index.php\/product\/antklode-seersucker\/","title":{"rendered":"Antklod\u0117 Seersucker"},"content":{"rendered":"\n<p>Nujos kartos Seersucker audinys<br>Tai itin lengvas, mink\u0161tas ir ypatingai malonus lietimui<br>audinys. Jo pagrindinis i\u0161skirtinumas, i\u0161kili tekst\u016bra<br>(Embossed Texture), kuri suteikia antklodei prabangos ir<br>i\u0161skirtinumo. I\u0161kilios tekst\u016bros Seersucker audinys i\u0161kiliais<br>tarpeliais pak yla nuo odos, taip maksimaliai<br>pagerindamas \u0161ilumos sklaid\u0105 bei oro cirkuliacij\u0105.<br>Lengva kaip p\u016bkas<br>Tai itin puri ir mink\u0161ta antklod\u0117, kuri gerai praleid\u017eia or\u0105.<br>Seersucker antklod\u0117s u\u017epildui naudojamas itin lengvas,<br>mink\u0161tas, optimali\u0105 temperat\u016br\u0105 palaikantis 300g\/m2<br>tu\u0161\u010diaviduris silikonizuotas poliesterio pluo\u0161tas.<br>Pagaminta Lietuvoje.<\/p>\n\n\n\n<figure class=\"wp-block-image size-full\"><img decoding=\"async\" width=\"408\" height=\"72\" src=\"https:\/\/ambertex.lt\/wp-content\/uploads\/2022\/07\/image-10.png\" alt=\"\" class=\"wp-image-7396\" srcset=\"https:\/\/ambertex.lt\/wp-content\/uploads\/2022\/07\/image-10.png 408w, https:\/\/ambertex.lt\/wp-content\/uploads\/2022\/07\/image-10-300x53.png 300w, https:\/\/ambertex.lt\/wp-content\/uploads\/2022\/07\/image-10-150x26.png 150w\" sizes=\"(max-width: 408px) 100vw, 408px\" \/><\/figure>\n","protected":false},"excerpt":{"rendered":"<p>Nujos kartos Seersucker audinysTai itin lengvas, mink\u0161tas ir ypatingai malonus lietimuiaudinys. Jo pagrindinis i\u0161skirtinumas, i\u0161kili tekst\u016bra(Embossed Texture), kuri suteikia antklodei prabangos iri\u0161skirtinumo. I\u0161kilios tekst\u016bros Seersucker audinys i\u0161kiliaistarpeliais pak yla nuo odos, taip maksimaliaipagerindamas \u0161ilumos sklaid\u0105 bei oro cirkuliacij\u0105.Lengva kaip p\u016bkasTai itin puri ir mink\u0161ta antklod\u0117, kuri gerai praleid\u017eia or\u0105.Seersucker antklod\u0117s u\u017epildui naudojamas itin lengvas,mink\u0161tas, optimali\u0105 [&hellip;]<\/p>\n","protected":false},"featured_media":7399,"template":"","meta":[],"product_brand":[],"product_cat":[52],"product_tag":[],"class_list":{"0":"post-7395","1":"product","2":"type-product","3":"status-publish","4":"has-post-thumbnail","6":"product_cat-antklodes","8":"first","9":"instock","10":"shipping-taxable","11":"purchasable","12":"product-type-variable"},"wcpa_form_fields":null,"jetpack_sharing_enabled":true,"_links":{"self":[{"href":"https:\/\/ambertex.lt\/index.php\/wp-json\/wp\/v2\/product\/7395","targetHints":{"allow":["GET"]}}],"collection":[{"href":"https:\/\/ambertex.lt\/index.php\/wp-json\/wp\/v2\/product"}],"about":[{"href":"https:\/\/ambertex.lt\/index.php\/wp-json\/wp\/v2\/types\/product"}],"wp:featuredmedia":[{"embeddable":true,"href":"https:\/\/ambertex.lt\/index.php\/wp-json\/wp\/v2\/media\/7399"}],"wp:attachment":[{"href":"https:\/\/ambertex.lt\/index.php\/wp-json\/wp\/v2\/media?parent=7395"}],"wp:term":[{"taxonomy":"product_brand","embeddable":true,"href":"https:\/\/ambertex.lt\/index.php\/wp-json\/wp\/v2\/product_brand?post=7395"},{"taxonomy":"product_cat","embeddable":true,"href":"https:\/\/ambertex.lt\/index.php\/wp-json\/wp\/v2\/product_cat?post=7395"},{"taxonomy":"product_tag","embeddable":true,"href":"https:\/\/ambertex.lt\/index.php\/wp-json\/wp\/v2\/product_tag?post=7395"}],"curies":[{"name":"wp","href":"https:\/\/api.w.org\/{rel}","templated":true}]}}