{"id":7409,"date":"2022-07-26T11:05:23","date_gmt":"2022-07-26T11:05:23","guid":{"rendered":"https:\/\/ambertex.lt\/?post_type=product&#038;p=7409"},"modified":"2023-08-01T18:18:36","modified_gmt":"2023-08-01T18:18:36","slug":"antklode-classic-350","status":"publish","type":"product","link":"https:\/\/ambertex.lt\/index.php\/product\/antklode-classic-350\/","title":{"rendered":"Antklod\u0117 Classic 350"},"content":{"rendered":"\n<p>Classic 350 &#8211; tai itin puri ir mink\u0161ta patalyn\u0117.<br>CLASSIC 350 antklod\u0117s u\u017epildui naudojamas lengvas,<br>mink\u0161tas, optimali\u0105 temperat\u016br\u0105 palaikantis 350g\/m\u00b2<br>antialerginis, tu\u0161\u010diaviduris silikonizuotas poliesterio<br>pluo\u0161tas. Antklod\u0117s vir\u0161utinis medviln\u0117s ir poliesterio<br>audinys prakti\u0161kas naudoti bei ilgalaikis.<br>50% medviln\u0117 \/ 50% poliesteris 350g\/m\u00b2<\/p>\n\n\n\n<figure class=\"wp-block-image size-full\"><img decoding=\"async\" width=\"403\" height=\"62\" src=\"https:\/\/ambertex.lt\/wp-content\/uploads\/2022\/07\/image-14.png\" alt=\"\" class=\"wp-image-7410\" srcset=\"https:\/\/ambertex.lt\/wp-content\/uploads\/2022\/07\/image-14.png 403w, https:\/\/ambertex.lt\/wp-content\/uploads\/2022\/07\/image-14-300x46.png 300w, https:\/\/ambertex.lt\/wp-content\/uploads\/2022\/07\/image-14-150x23.png 150w\" sizes=\"(max-width: 403px) 100vw, 403px\" \/><\/figure>\n","protected":false},"excerpt":{"rendered":"<p>Classic 350 &#8211; tai itin puri ir mink\u0161ta patalyn\u0117.CLASSIC 350 antklod\u0117s u\u017epildui naudojamas lengvas,mink\u0161tas, optimali\u0105 temperat\u016br\u0105 palaikantis 350g\/m\u00b2antialerginis, tu\u0161\u010diaviduris silikonizuotas poliesteriopluo\u0161tas. Antklod\u0117s vir\u0161utinis medviln\u0117s ir poliesterioaudinys prakti\u0161kas naudoti bei ilgalaikis.50% medviln\u0117 \/ 50% poliesteris 350g\/m\u00b2<\/p>\n","protected":false},"featured_media":7413,"template":"","meta":[],"product_brand":[],"product_cat":[52],"product_tag":[],"class_list":{"0":"post-7409","1":"product","2":"type-product","3":"status-publish","4":"has-post-thumbnail","6":"product_cat-antklodes","8":"first","9":"instock","10":"shipping-taxable","11":"purchasable","12":"product-type-variable"},"wcpa_form_fields":null,"jetpack_sharing_enabled":true,"_links":{"self":[{"href":"https:\/\/ambertex.lt\/index.php\/wp-json\/wp\/v2\/product\/7409","targetHints":{"allow":["GET"]}}],"collection":[{"href":"https:\/\/ambertex.lt\/index.php\/wp-json\/wp\/v2\/product"}],"about":[{"href":"https:\/\/ambertex.lt\/index.php\/wp-json\/wp\/v2\/types\/product"}],"wp:featuredmedia":[{"embeddable":true,"href":"https:\/\/ambertex.lt\/index.php\/wp-json\/wp\/v2\/media\/7413"}],"wp:attachment":[{"href":"https:\/\/ambertex.lt\/index.php\/wp-json\/wp\/v2\/media?parent=7409"}],"wp:term":[{"taxonomy":"product_brand","embeddable":true,"href":"https:\/\/ambertex.lt\/index.php\/wp-json\/wp\/v2\/product_brand?post=7409"},{"taxonomy":"product_cat","embeddable":true,"href":"https:\/\/ambertex.lt\/index.php\/wp-json\/wp\/v2\/product_cat?post=7409"},{"taxonomy":"product_tag","embeddable":true,"href":"https:\/\/ambertex.lt\/index.php\/wp-json\/wp\/v2\/product_tag?post=7409"}],"curies":[{"name":"wp","href":"https:\/\/api.w.org\/{rel}","templated":true}]}}