{"id":7422,"date":"2022-07-27T11:15:09","date_gmt":"2022-07-27T11:15:09","guid":{"rendered":"https:\/\/ambertex.lt\/?post_type=product&#038;p=7422"},"modified":"2023-08-01T16:37:17","modified_gmt":"2023-08-01T16:37:17","slug":"baltas-ranksluostis-450g","status":"publish","type":"product","link":"https:\/\/ambertex.lt\/index.php\/product\/baltas-ranksluostis-450g\/","title":{"rendered":"Baltas rank\u0161luostis 450g"},"content":{"rendered":"\n<p>Baltas, frotinis rank\u0161luostis<br>100 % \u017eiedinio verpimo medviln\u0117 450 gsm<br>Specialus dyd\u017eio \u017eenklinimas<\/p>\n\n\n\n<figure class=\"wp-block-image size-full\"><img decoding=\"async\" width=\"404\" height=\"88\" src=\"https:\/\/ambertex.lt\/wp-content\/uploads\/2022\/07\/image-16.png\" alt=\"\" class=\"wp-image-7423\" srcset=\"https:\/\/ambertex.lt\/wp-content\/uploads\/2022\/07\/image-16.png 404w, https:\/\/ambertex.lt\/wp-content\/uploads\/2022\/07\/image-16-300x65.png 300w, https:\/\/ambertex.lt\/wp-content\/uploads\/2022\/07\/image-16-150x33.png 150w\" sizes=\"(max-width: 404px) 100vw, 404px\" \/><\/figure>\n","protected":false},"excerpt":{"rendered":"<p>Baltas, frotinis rank\u0161luostis100 % \u017eiedinio verpimo medviln\u0117 450 gsmSpecialus dyd\u017eio \u017eenklinimas<\/p>\n","protected":false},"featured_media":7427,"template":"","meta":[],"product_brand":[],"product_cat":[71],"product_tag":[],"class_list":{"0":"post-7422","1":"product","2":"type-product","3":"status-publish","4":"has-post-thumbnail","6":"product_cat-ranksluosciai","8":"first","9":"outofstock","10":"shipping-taxable","11":"purchasable","12":"product-type-variable"},"wcpa_form_fields":null,"jetpack_sharing_enabled":true,"_links":{"self":[{"href":"https:\/\/ambertex.lt\/index.php\/wp-json\/wp\/v2\/product\/7422","targetHints":{"allow":["GET"]}}],"collection":[{"href":"https:\/\/ambertex.lt\/index.php\/wp-json\/wp\/v2\/product"}],"about":[{"href":"https:\/\/ambertex.lt\/index.php\/wp-json\/wp\/v2\/types\/product"}],"wp:featuredmedia":[{"embeddable":true,"href":"https:\/\/ambertex.lt\/index.php\/wp-json\/wp\/v2\/media\/7427"}],"wp:attachment":[{"href":"https:\/\/ambertex.lt\/index.php\/wp-json\/wp\/v2\/media?parent=7422"}],"wp:term":[{"taxonomy":"product_brand","embeddable":true,"href":"https:\/\/ambertex.lt\/index.php\/wp-json\/wp\/v2\/product_brand?post=7422"},{"taxonomy":"product_cat","embeddable":true,"href":"https:\/\/ambertex.lt\/index.php\/wp-json\/wp\/v2\/product_cat?post=7422"},{"taxonomy":"product_tag","embeddable":true,"href":"https:\/\/ambertex.lt\/index.php\/wp-json\/wp\/v2\/product_tag?post=7422"}],"curies":[{"name":"wp","href":"https:\/\/api.w.org\/{rel}","templated":true}]}}