{"id":7429,"date":"2022-07-27T11:15:46","date_gmt":"2022-07-27T11:15:46","guid":{"rendered":"https:\/\/ambertex.lt\/?post_type=product&#038;p=7429"},"modified":"2026-01-01T19:26:26","modified_gmt":"2026-01-01T19:26:26","slug":"baltas-ranksluostis-500g","status":"publish","type":"product","link":"https:\/\/ambertex.lt\/index.php\/product\/baltas-ranksluostis-500g\/","title":{"rendered":"Baltas rank\u0161luostis 500g"},"content":{"rendered":"\n<p>Baltas, frotinis rank\u0161luostis<br>100 % \u017eiedinio verpimo medviln\u0117 500 gsm<br>Specialus dyd\u017eio \u017eenklinimas<\/p>\n\n\n\n<figure class=\"wp-block-image size-full is-style-default\"><img decoding=\"async\" width=\"407\" height=\"94\" src=\"https:\/\/ambertex.lt\/wp-content\/uploads\/2022\/07\/image-17.png\" alt=\"\" class=\"wp-image-7433\" srcset=\"https:\/\/ambertex.lt\/wp-content\/uploads\/2022\/07\/image-17.png 407w, https:\/\/ambertex.lt\/wp-content\/uploads\/2022\/07\/image-17-300x69.png 300w, https:\/\/ambertex.lt\/wp-content\/uploads\/2022\/07\/image-17-150x35.png 150w\" sizes=\"(max-width: 407px) 100vw, 407px\" \/><\/figure>\n","protected":false},"excerpt":{"rendered":"<p>Baltas, frotinis rank\u0161luostis100 % \u017eiedinio verpimo medviln\u0117 500 gsmSpecialus dyd\u017eio \u017eenklinimas<\/p>\n","protected":false},"featured_media":7434,"template":"","meta":[],"product_brand":[],"product_cat":[71],"product_tag":[],"class_list":{"0":"post-7429","1":"product","2":"type-product","3":"status-publish","4":"has-post-thumbnail","6":"product_cat-ranksluosciai","8":"first","9":"instock","10":"sale","11":"shipping-taxable","12":"purchasable","13":"product-type-variable"},"wcpa_form_fields":null,"jetpack_sharing_enabled":true,"_links":{"self":[{"href":"https:\/\/ambertex.lt\/index.php\/wp-json\/wp\/v2\/product\/7429","targetHints":{"allow":["GET"]}}],"collection":[{"href":"https:\/\/ambertex.lt\/index.php\/wp-json\/wp\/v2\/product"}],"about":[{"href":"https:\/\/ambertex.lt\/index.php\/wp-json\/wp\/v2\/types\/product"}],"wp:featuredmedia":[{"embeddable":true,"href":"https:\/\/ambertex.lt\/index.php\/wp-json\/wp\/v2\/media\/7434"}],"wp:attachment":[{"href":"https:\/\/ambertex.lt\/index.php\/wp-json\/wp\/v2\/media?parent=7429"}],"wp:term":[{"taxonomy":"product_brand","embeddable":true,"href":"https:\/\/ambertex.lt\/index.php\/wp-json\/wp\/v2\/product_brand?post=7429"},{"taxonomy":"product_cat","embeddable":true,"href":"https:\/\/ambertex.lt\/index.php\/wp-json\/wp\/v2\/product_cat?post=7429"},{"taxonomy":"product_tag","embeddable":true,"href":"https:\/\/ambertex.lt\/index.php\/wp-json\/wp\/v2\/product_tag?post=7429"}],"curies":[{"name":"wp","href":"https:\/\/api.w.org\/{rel}","templated":true}]}}