{"id":7435,"date":"2022-07-27T11:21:20","date_gmt":"2022-07-27T11:21:20","guid":{"rendered":"https:\/\/ambertex.lt\/?post_type=product&#038;p=7435"},"modified":"2026-01-15T09:01:47","modified_gmt":"2026-01-15T09:01:47","slug":"baltas-ranksluostis-600g","status":"publish","type":"product","link":"https:\/\/ambertex.lt\/index.php\/product\/baltas-ranksluostis-600g\/","title":{"rendered":"Baltas rank\u0161luostis 600g"},"content":{"rendered":"\n<p>Baltas, frotinis rank\u0161luostis<br>100 % \u017eiedinio verpimo medviln\u0117 600 gsm<br>Specialus dyd\u017eio \u017eenklinimas<\/p>\n\n\n\n<figure class=\"wp-block-image size-full\"><img decoding=\"async\" width=\"406\" height=\"91\" src=\"https:\/\/ambertex.lt\/wp-content\/uploads\/2022\/07\/image-18.png\" alt=\"\" class=\"wp-image-7439\" srcset=\"https:\/\/ambertex.lt\/wp-content\/uploads\/2022\/07\/image-18.png 406w, https:\/\/ambertex.lt\/wp-content\/uploads\/2022\/07\/image-18-300x67.png 300w, https:\/\/ambertex.lt\/wp-content\/uploads\/2022\/07\/image-18-150x34.png 150w\" sizes=\"(max-width: 406px) 100vw, 406px\" \/><\/figure>\n","protected":false},"excerpt":{"rendered":"<p>Baltas, frotinis rank\u0161luostis100 % \u017eiedinio verpimo medviln\u0117 600 gsmSpecialus dyd\u017eio \u017eenklinimas<\/p>\n","protected":false},"featured_media":7440,"template":"","meta":[],"product_brand":[],"product_cat":[71],"product_tag":[],"class_list":{"0":"post-7435","1":"product","2":"type-product","3":"status-publish","4":"has-post-thumbnail","6":"product_cat-ranksluosciai","8":"first","9":"instock","10":"shipping-taxable","11":"purchasable","12":"product-type-variable"},"wcpa_form_fields":null,"jetpack_sharing_enabled":true,"_links":{"self":[{"href":"https:\/\/ambertex.lt\/index.php\/wp-json\/wp\/v2\/product\/7435","targetHints":{"allow":["GET"]}}],"collection":[{"href":"https:\/\/ambertex.lt\/index.php\/wp-json\/wp\/v2\/product"}],"about":[{"href":"https:\/\/ambertex.lt\/index.php\/wp-json\/wp\/v2\/types\/product"}],"wp:featuredmedia":[{"embeddable":true,"href":"https:\/\/ambertex.lt\/index.php\/wp-json\/wp\/v2\/media\/7440"}],"wp:attachment":[{"href":"https:\/\/ambertex.lt\/index.php\/wp-json\/wp\/v2\/media?parent=7435"}],"wp:term":[{"taxonomy":"product_brand","embeddable":true,"href":"https:\/\/ambertex.lt\/index.php\/wp-json\/wp\/v2\/product_brand?post=7435"},{"taxonomy":"product_cat","embeddable":true,"href":"https:\/\/ambertex.lt\/index.php\/wp-json\/wp\/v2\/product_cat?post=7435"},{"taxonomy":"product_tag","embeddable":true,"href":"https:\/\/ambertex.lt\/index.php\/wp-json\/wp\/v2\/product_tag?post=7435"}],"curies":[{"name":"wp","href":"https:\/\/api.w.org\/{rel}","templated":true}]}}