{"id":7445,"date":"2022-07-27T11:41:46","date_gmt":"2022-07-27T11:41:46","guid":{"rendered":"https:\/\/ambertex.lt\/?post_type=product&#038;p=7445"},"modified":"2025-12-02T15:04:12","modified_gmt":"2025-12-02T15:04:12","slug":"baseino-ranksluostis","status":"publish","type":"product","link":"https:\/\/ambertex.lt\/index.php\/product\/baseino-ranksluostis\/","title":{"rendered":"Baseino rank\u0161luostis"},"content":{"rendered":"\n<p>Baltas, SPA baseino rank\u0161luostis,\u017eenklintas m\u0117lyna juostele. <\/p>\n\n\n\n<p>100 % \u017eiedinio verpimo medviln\u0117 380 gsm<\/p>\n\n\n\n<figure class=\"wp-block-image size-full\"><img decoding=\"async\" width=\"400\" height=\"95\" src=\"https:\/\/ambertex.lt\/wp-content\/uploads\/2022\/07\/image-20.png\" alt=\"\" class=\"wp-image-7449\" srcset=\"https:\/\/ambertex.lt\/wp-content\/uploads\/2022\/07\/image-20.png 400w, https:\/\/ambertex.lt\/wp-content\/uploads\/2022\/07\/image-20-300x71.png 300w, https:\/\/ambertex.lt\/wp-content\/uploads\/2022\/07\/image-20-150x36.png 150w\" sizes=\"(max-width: 400px) 100vw, 400px\" \/><\/figure>\n\n\n\n<p><\/p>\n","protected":false},"excerpt":{"rendered":"<p>Baltas, SPA baseino rank\u0161luostis,\u017eenklintas m\u0117lyna juostele. 100 % \u017eiedinio verpimo medviln\u0117 380 gsm<\/p>\n","protected":false},"featured_media":7450,"template":"","meta":[],"product_brand":[],"product_cat":[71],"product_tag":[],"class_list":{"0":"post-7445","1":"product","2":"type-product","3":"status-publish","4":"has-post-thumbnail","6":"product_cat-ranksluosciai","8":"first","9":"instock","10":"shipping-taxable","11":"purchasable","12":"product-type-variable"},"wcpa_form_fields":null,"jetpack_sharing_enabled":true,"_links":{"self":[{"href":"https:\/\/ambertex.lt\/index.php\/wp-json\/wp\/v2\/product\/7445","targetHints":{"allow":["GET"]}}],"collection":[{"href":"https:\/\/ambertex.lt\/index.php\/wp-json\/wp\/v2\/product"}],"about":[{"href":"https:\/\/ambertex.lt\/index.php\/wp-json\/wp\/v2\/types\/product"}],"wp:featuredmedia":[{"embeddable":true,"href":"https:\/\/ambertex.lt\/index.php\/wp-json\/wp\/v2\/media\/7450"}],"wp:attachment":[{"href":"https:\/\/ambertex.lt\/index.php\/wp-json\/wp\/v2\/media?parent=7445"}],"wp:term":[{"taxonomy":"product_brand","embeddable":true,"href":"https:\/\/ambertex.lt\/index.php\/wp-json\/wp\/v2\/product_brand?post=7445"},{"taxonomy":"product_cat","embeddable":true,"href":"https:\/\/ambertex.lt\/index.php\/wp-json\/wp\/v2\/product_cat?post=7445"},{"taxonomy":"product_tag","embeddable":true,"href":"https:\/\/ambertex.lt\/index.php\/wp-json\/wp\/v2\/product_tag?post=7445"}],"curies":[{"name":"wp","href":"https:\/\/api.w.org\/{rel}","templated":true}]}}