{"id":7458,"date":"2022-07-27T13:49:40","date_gmt":"2022-07-27T13:49:40","guid":{"rendered":"https:\/\/ambertex.lt\/?post_type=product&#038;p=7458"},"modified":"2026-01-15T09:01:46","modified_gmt":"2026-01-15T09:01:46","slug":"vonios-kilimelis","status":"publish","type":"product","link":"https:\/\/ambertex.lt\/index.php\/product\/vonios-kilimelis\/","title":{"rendered":"Medvilninis vonios kilim\u0117lis 50x70cm   650g"},"content":{"rendered":"\n<p>Baltas, medvilninis vonios kilim\u0117lis.<\/p>\n\n\n\n<p>Sud\u0117tis: 100% medviln\u0117.<\/p>\n\n\n\n<p>Dydis: 50x70cm<\/p>\n\n\n\n<p>Audinio tankis: 650 gsm.<\/p>\n\n\n\n<p><\/p>\n","protected":false},"excerpt":{"rendered":"<p>Baltas, medvilninis vonios kilim\u0117lis. Sud\u0117tis: 100% medviln\u0117. Dydis: 50x70cm Audinio tankis: 650 gsm.<\/p>\n","protected":false},"featured_media":7459,"template":"","meta":[],"product_brand":[],"product_cat":[64],"product_tag":[],"class_list":{"0":"post-7458","1":"product","2":"type-product","3":"status-publish","4":"has-post-thumbnail","6":"product_cat-vonios-kilimeliai","8":"first","9":"instock","10":"shipping-taxable","11":"purchasable","12":"product-type-simple"},"wcpa_form_fields":null,"jetpack_sharing_enabled":true,"_links":{"self":[{"href":"https:\/\/ambertex.lt\/index.php\/wp-json\/wp\/v2\/product\/7458","targetHints":{"allow":["GET"]}}],"collection":[{"href":"https:\/\/ambertex.lt\/index.php\/wp-json\/wp\/v2\/product"}],"about":[{"href":"https:\/\/ambertex.lt\/index.php\/wp-json\/wp\/v2\/types\/product"}],"wp:featuredmedia":[{"embeddable":true,"href":"https:\/\/ambertex.lt\/index.php\/wp-json\/wp\/v2\/media\/7459"}],"wp:attachment":[{"href":"https:\/\/ambertex.lt\/index.php\/wp-json\/wp\/v2\/media?parent=7458"}],"wp:term":[{"taxonomy":"product_brand","embeddable":true,"href":"https:\/\/ambertex.lt\/index.php\/wp-json\/wp\/v2\/product_brand?post=7458"},{"taxonomy":"product_cat","embeddable":true,"href":"https:\/\/ambertex.lt\/index.php\/wp-json\/wp\/v2\/product_cat?post=7458"},{"taxonomy":"product_tag","embeddable":true,"href":"https:\/\/ambertex.lt\/index.php\/wp-json\/wp\/v2\/product_tag?post=7458"}],"curies":[{"name":"wp","href":"https:\/\/api.w.org\/{rel}","templated":true}]}}