{"id":7467,"date":"2022-07-27T14:02:46","date_gmt":"2022-07-27T14:02:46","guid":{"rendered":"https:\/\/ambertex.lt\/?post_type=product&#038;p=7467"},"modified":"2026-05-03T12:17:32","modified_gmt":"2026-05-03T12:17:32","slug":"veliurines-vienkartines-slepetes","status":"publish","type":"product","link":"https:\/\/ambertex.lt\/index.php\/product\/veliurines-vienkartines-slepetes\/","title":{"rendered":"Veli\u016brin\u0117s vienkartines  \u0161lepet\u0117s atviros"},"content":{"rendered":"\n<p>Atviros veli\u016brin\u0117s vienkartines  \u0161lepet\u0117s<\/p>\n\n\n\n<p>Sud\u0117tis:&nbsp;100% medviln\u0117<\/p>\n\n\n\n<p>\u0160lepet\u0117s pado ilgis:&nbsp;29 cm<\/p>\n\n\n\n<p>\u0160lepet\u0117s padas:&nbsp;5mm EVA<\/p>\n\n\n\n<p><\/p>\n","protected":false},"excerpt":{"rendered":"<p>Atviros veli\u016brin\u0117s vienkartines \u0161lepet\u0117s Sud\u0117tis:&nbsp;100% medviln\u0117 \u0160lepet\u0117s pado ilgis:&nbsp;29 cm \u0160lepet\u0117s padas:&nbsp;5mm EVA<\/p>\n","protected":false},"featured_media":7468,"template":"","meta":[],"product_brand":[],"product_cat":[65],"product_tag":[],"class_list":{"0":"post-7467","1":"product","2":"type-product","3":"status-publish","4":"has-post-thumbnail","6":"product_cat-slepetes","8":"first","9":"instock","10":"shipping-taxable","11":"purchasable","12":"product-type-simple"},"wcpa_form_fields":null,"jetpack_sharing_enabled":true,"_links":{"self":[{"href":"https:\/\/ambertex.lt\/index.php\/wp-json\/wp\/v2\/product\/7467","targetHints":{"allow":["GET"]}}],"collection":[{"href":"https:\/\/ambertex.lt\/index.php\/wp-json\/wp\/v2\/product"}],"about":[{"href":"https:\/\/ambertex.lt\/index.php\/wp-json\/wp\/v2\/types\/product"}],"wp:featuredmedia":[{"embeddable":true,"href":"https:\/\/ambertex.lt\/index.php\/wp-json\/wp\/v2\/media\/7468"}],"wp:attachment":[{"href":"https:\/\/ambertex.lt\/index.php\/wp-json\/wp\/v2\/media?parent=7467"}],"wp:term":[{"taxonomy":"product_brand","embeddable":true,"href":"https:\/\/ambertex.lt\/index.php\/wp-json\/wp\/v2\/product_brand?post=7467"},{"taxonomy":"product_cat","embeddable":true,"href":"https:\/\/ambertex.lt\/index.php\/wp-json\/wp\/v2\/product_cat?post=7467"},{"taxonomy":"product_tag","embeddable":true,"href":"https:\/\/ambertex.lt\/index.php\/wp-json\/wp\/v2\/product_tag?post=7467"}],"curies":[{"name":"wp","href":"https:\/\/api.w.org\/{rel}","templated":true}]}}