{"id":7634,"date":"2025-02-17T14:38:47","date_gmt":"2025-02-17T14:38:47","guid":{"rendered":"https:\/\/ambertex.lt\/?post_type=product&#038;p=7634"},"modified":"2025-11-26T07:10:54","modified_gmt":"2025-11-26T07:10:54","slug":"antklode-aloe-vera","status":"publish","type":"product","link":"https:\/\/ambertex.lt\/index.php\/product\/antklode-aloe-vera\/","title":{"rendered":"Antklod\u0117 Aloe Vera"},"content":{"rendered":"\n<h2 class=\"wp-block-heading\">Apra\u0161ymas<\/h2>\n\n\n\n<p><strong>ALOE VERA ANTKLOD\u0116S I\u0160SKIRTIN\u0116S SAVYB\u0116S<\/strong><\/p>\n\n\n\n<ul class=\"wp-block-list\">\n<li><em>I\u0161skirtin\u0117s alavijo antibakterin\u0117s savyb\u0117s;<\/em><\/li>\n\n\n\n<li><em>Puri ir mink\u0161ta patalyn\u0117, gerai praleid\u017eianti or\u0105, palaikanti odos dr\u0117gm\u0117s balans\u0105;<\/em><\/li>\n\n\n\n<li><em>I\u0161skirtinai \u0161velnus Microfiber audinys;<\/em><\/li>\n\n\n\n<li><em>Antklod\u0119 galima naudoti i\u0161tisus metus;<\/em><\/li>\n\n\n\n<li><em>Lengvai pri\u017ei\u016brima, j\u0105 galima skalbti skalbimo ma\u0161ina.<\/em><\/li>\n<\/ul>\n\n\n\n<p><strong>I\u0160SAMESN\u0116 INFORMACIJA<\/strong><\/p>\n\n\n\n<p><strong>Alavijo antibakterin\u0117s savyb\u0117s<\/strong><br><strong><em>ALOE VERA<\/em><\/strong>&nbsp;patalyn\u0117 impregnuota alijo\u0161iaus ekstrakt\u0173, tod\u0117l \u0161i patalyn\u0117 visada i\u0161liks ne tik gaivi, bet nat\u016bralaus alijo\u0161iaus ekstraktas u\u017ekirs keli\u0105 bakterij\u0173 dauginimuisi. Tinka \u017emon\u0117ms linkusiems \u012f alergijas bei turintiems padid\u0117jus\u012f odos jautrum\u0105.<\/p>\n\n\n\n<p><strong>\u0160velni ir raminanti<\/strong><br>Microfiber&nbsp;<strong><em>ALOE VERA<\/em><\/strong>&nbsp;antklod\u0117l\u0117s vir\u0161utinis audinys antibakterinis ir labai \u0161velnus.<\/p>\n\n\n\n<p><strong>Lengva kaip p\u016bkas<\/strong><br>Tai itin puri ir mink\u0161ta antklod\u0117, kuri gerai praleid\u017eia or\u0105.&nbsp;<strong><em>ALOE VERA<\/em><\/strong>&nbsp;antklod\u0117s u\u017epildui naudojamas itin lengvas, mink\u0161tas, optimali\u0105 temperat\u016br\u0105 palaikantis 300g\/m2 tu\u0161\u010diaviduris silikonizuotas poliesterio pluo\u0161tas.<\/p>\n\n\n\n<p><strong>Lengva prie\u017ei\u016bra ir higiena<\/strong><br>Lengva, \u0161ilta ir higieni\u0161ka patalyn\u0117, skirta naudoti i\u0161tisus metus.<br><strong><em>ALOE VERA<\/em><\/strong>&nbsp;antklod\u0117 lengvai pri\u017ei\u016brima, skalbiama \u012fprastine skalbimo ma\u0161ina&nbsp;<strong><em>60C<\/em><\/strong>&nbsp;laipsni\u0173 temperat\u016broje. Tokios temperat\u016bros pakanka, kad b\u016bt\u0173 sunaikintos \u012fvairios bakterijos bei dulki\u0173 erkut\u0117s, taip sukuriant saugi\u0105 ir \u0161vari\u0105 miego aplink\u0105.<\/p>\n\n\n\n<p>Patalyn\u0117 sertifikuota pagal&nbsp;<strong><em>Oeko-Tex\u00ae Standart 100<\/em><\/strong>&nbsp;kokyb\u0117s reikalavimus.<\/p>\n\n\n\n<p>Pagaminta Lietuvoje.<\/p>\n","protected":false},"excerpt":{"rendered":"<p>Apra\u0161ymas ALOE VERA ANTKLOD\u0116S I\u0160SKIRTIN\u0116S SAVYB\u0116S I\u0160SAMESN\u0116 INFORMACIJA Alavijo antibakterin\u0117s savyb\u0117sALOE VERA&nbsp;patalyn\u0117 impregnuota alijo\u0161iaus ekstrakt\u0173, tod\u0117l \u0161i patalyn\u0117 visada i\u0161liks ne tik gaivi, bet nat\u016bralaus alijo\u0161iaus ekstraktas u\u017ekirs keli\u0105 bakterij\u0173 dauginimuisi. Tinka \u017emon\u0117ms linkusiems \u012f alergijas bei turintiems padid\u0117jus\u012f odos jautrum\u0105. \u0160velni ir raminantiMicrofiber&nbsp;ALOE VERA&nbsp;antklod\u0117l\u0117s vir\u0161utinis audinys antibakterinis ir labai \u0161velnus. Lengva kaip p\u016bkasTai itin [&hellip;]<\/p>\n","protected":false},"featured_media":7637,"template":"","meta":[],"product_brand":[],"product_cat":[52],"product_tag":[],"class_list":{"0":"post-7634","1":"product","2":"type-product","3":"status-publish","4":"has-post-thumbnail","6":"product_cat-antklodes","8":"first","9":"instock","10":"shipping-taxable","11":"purchasable","12":"product-type-variable"},"wcpa_form_fields":null,"jetpack_sharing_enabled":true,"_links":{"self":[{"href":"https:\/\/ambertex.lt\/index.php\/wp-json\/wp\/v2\/product\/7634","targetHints":{"allow":["GET"]}}],"collection":[{"href":"https:\/\/ambertex.lt\/index.php\/wp-json\/wp\/v2\/product"}],"about":[{"href":"https:\/\/ambertex.lt\/index.php\/wp-json\/wp\/v2\/types\/product"}],"wp:featuredmedia":[{"embeddable":true,"href":"https:\/\/ambertex.lt\/index.php\/wp-json\/wp\/v2\/media\/7637"}],"wp:attachment":[{"href":"https:\/\/ambertex.lt\/index.php\/wp-json\/wp\/v2\/media?parent=7634"}],"wp:term":[{"taxonomy":"product_brand","embeddable":true,"href":"https:\/\/ambertex.lt\/index.php\/wp-json\/wp\/v2\/product_brand?post=7634"},{"taxonomy":"product_cat","embeddable":true,"href":"https:\/\/ambertex.lt\/index.php\/wp-json\/wp\/v2\/product_cat?post=7634"},{"taxonomy":"product_tag","embeddable":true,"href":"https:\/\/ambertex.lt\/index.php\/wp-json\/wp\/v2\/product_tag?post=7634"}],"curies":[{"name":"wp","href":"https:\/\/api.w.org\/{rel}","templated":true}]}}