{"id":7639,"date":"2025-02-17T14:50:47","date_gmt":"2025-02-17T14:50:47","guid":{"rendered":"https:\/\/ambertex.lt\/?post_type=product&#038;p=7639"},"modified":"2025-10-31T12:01:53","modified_gmt":"2025-10-31T12:01:53","slug":"pagalve-aloe-vera","status":"publish","type":"product","link":"https:\/\/ambertex.lt\/index.php\/product\/pagalve-aloe-vera\/","title":{"rendered":"Pagalv\u0117 Aloe Vera 50x70cm"},"content":{"rendered":"\n<p>100 % ALOE VERA Microfiber (Poliesteris)<\/p>\n\n\n\n<h2 class=\"wp-block-heading\">Apra\u0161ymas<\/h2>\n\n\n\n<p><strong>ALOE VERA PAGALV\u0116S&nbsp;I\u0160SKIRTIN\u0116S SAVYB\u0116S<\/strong><\/p>\n\n\n\n<ul class=\"wp-block-list\">\n<li><em>I\u0161skirtin\u0117s alavijo antibakterin\u0117s savyb\u0117s;<\/em><\/li>\n\n\n\n<li><em>Puri ir mink\u0161ta, gerai praleid\u017eianti or\u0105 bei palaikanti odos dr\u0117gm\u0117s balans\u0105 pagalv\u0117;<\/em><\/li>\n\n\n\n<li><em>I\u0161skirtinai \u0161velnus Microfiber audinys;<\/em><\/li>\n\n\n\n<li><em>Pagalv\u0117 Aloa Vera yra daigstyta;<\/em><\/li>\n\n\n\n<li><em>Lengvai pri\u017ei\u016brima, j\u0105 galima skalbti skalbimo ma\u0161ina.<\/em><\/li>\n<\/ul>\n\n\n\n<p><strong>I\u0160SAMESN\u0116 INFORMACIJA<\/strong><\/p>\n\n\n\n<p><strong>Alavijo antibakterin\u0117s savyb\u0117s<\/strong><br><strong><em>ALOE VERA&nbsp;<\/em><\/strong>pagalv\u0117s impregnuotos alijo\u0161iaus ekstrakt\u0173, tod\u0117l visada i\u0161lieka gaivios&nbsp;Nat\u016bralus alijo\u0161iaus ekstraktas u\u017ekerta&nbsp;keli\u0105 bakterij\u0173 dauginimuisi. Tinka \u017emon\u0117ms linkusiems \u012f alergijas bei turintiems padid\u0117jus\u012f odos jautrum\u0105.<\/p>\n\n\n\n<p><strong>\u0160velni ir raminant<\/strong><br>Microfiber&nbsp;<strong><em>ALOE VERA<\/em><\/strong>&nbsp;pagalvi\u0173&nbsp;audinys antibakterinis ir labai \u0161velnus.<\/p>\n\n\n\n<p><strong>Lengva kaip p\u016bkas<\/strong><br>Tai itin puri, mink\u0161ta, laidi orui pagalv\u0117. U\u017epildui naudojamas purus, antialerginis poliesterio pluo\u0161tas.&nbsp;<strong><em>ALOE VERA&nbsp;<\/em><\/strong>pagalv\u0117 lengvai pri\u017ei\u016brima, skalbiama \u012fprastine skalbimo ma\u0161ina 60 laipsni\u0173 temperat\u016broje. Tokios temperat\u016bros pakanka, kad b\u016bt\u0173 sunaikintos \u012fvairios bakterijos bei dulki\u0173 erkut\u0117s, taip sukuriant saugi\u0105 ir \u0161vari\u0105 miego aplink\u0105.&nbsp;<\/p>\n\n\n\n<p>Patalyn\u0117 sertifikuota pagal&nbsp;<strong><em>Oeko-Tex\u00ae Standart 100<\/em><\/strong>&nbsp;kokyb\u0117s reikalavimus.<br>&nbsp;<\/p>\n\n\n\n<p>Pagaminta Lietuvoje.<\/p>\n","protected":false},"excerpt":{"rendered":"<p>100 % ALOE VERA Microfiber (Poliesteris) Apra\u0161ymas ALOE VERA PAGALV\u0116S&nbsp;I\u0160SKIRTIN\u0116S SAVYB\u0116S I\u0160SAMESN\u0116 INFORMACIJA Alavijo antibakterin\u0117s savyb\u0117sALOE VERA&nbsp;pagalv\u0117s impregnuotos alijo\u0161iaus ekstrakt\u0173, tod\u0117l visada i\u0161lieka gaivios&nbsp;Nat\u016bralus alijo\u0161iaus ekstraktas u\u017ekerta&nbsp;keli\u0105 bakterij\u0173 dauginimuisi. Tinka \u017emon\u0117ms linkusiems \u012f alergijas bei turintiems padid\u0117jus\u012f odos jautrum\u0105. \u0160velni ir raminantMicrofiber&nbsp;ALOE VERA&nbsp;pagalvi\u0173&nbsp;audinys antibakterinis ir labai \u0161velnus. Lengva kaip p\u016bkasTai itin puri, mink\u0161ta, laidi orui [&hellip;]<\/p>\n","protected":false},"featured_media":7641,"template":"","meta":[],"product_brand":[],"product_cat":[69],"product_tag":[],"class_list":{"0":"post-7639","1":"product","2":"type-product","3":"status-publish","4":"has-post-thumbnail","6":"product_cat-pagalves-miegamasis","8":"first","9":"instock","10":"shipping-taxable","11":"purchasable","12":"product-type-simple"},"wcpa_form_fields":null,"jetpack_sharing_enabled":true,"_links":{"self":[{"href":"https:\/\/ambertex.lt\/index.php\/wp-json\/wp\/v2\/product\/7639","targetHints":{"allow":["GET"]}}],"collection":[{"href":"https:\/\/ambertex.lt\/index.php\/wp-json\/wp\/v2\/product"}],"about":[{"href":"https:\/\/ambertex.lt\/index.php\/wp-json\/wp\/v2\/types\/product"}],"wp:featuredmedia":[{"embeddable":true,"href":"https:\/\/ambertex.lt\/index.php\/wp-json\/wp\/v2\/media\/7641"}],"wp:attachment":[{"href":"https:\/\/ambertex.lt\/index.php\/wp-json\/wp\/v2\/media?parent=7639"}],"wp:term":[{"taxonomy":"product_brand","embeddable":true,"href":"https:\/\/ambertex.lt\/index.php\/wp-json\/wp\/v2\/product_brand?post=7639"},{"taxonomy":"product_cat","embeddable":true,"href":"https:\/\/ambertex.lt\/index.php\/wp-json\/wp\/v2\/product_cat?post=7639"},{"taxonomy":"product_tag","embeddable":true,"href":"https:\/\/ambertex.lt\/index.php\/wp-json\/wp\/v2\/product_tag?post=7639"}],"curies":[{"name":"wp","href":"https:\/\/api.w.org\/{rel}","templated":true}]}}